{"id":34552,"date":"2026-02-24T08:52:38","date_gmt":"2026-02-24T08:52:38","guid":{"rendered":"https:\/\/fushaco.com\/?post_type=product&#038;p=34552"},"modified":"2026-04-02T12:49:23","modified_gmt":"2026-04-02T12:49:23","slug":"ballone-transparent-fush172","status":"publish","type":"product","link":"https:\/\/fushaco.com\/sq\/produkt\/ballone-transparent-fush172\/","title":{"rendered":"Ballone transparent &#8211; FUSH172"},"content":{"rendered":"<p data-start=\"342\" data-end=\"447\">Baloni ka fund transparent me lidh\u00ebse dekorative, q\u00eb i jep nj\u00eb pamje t\u00eb past\u00ebr dhe moderne. Ideale p\u00ebr:<\/p>\n<ul data-start=\"449\" data-end=\"574\">\n<li data-start=\"449\" data-end=\"481\">\n<p data-start=\"451\" data-end=\"481\">\ud83c\udf39 Dhurat\u00eb p\u00ebr Sh\u00ebn Valentin<\/p>\n<\/li>\n<li data-start=\"482\" data-end=\"498\">\n<p data-start=\"484\" data-end=\"498\">\ud83c\udf81 P\u00ebrvjetor<\/p>\n<\/li>\n<li data-start=\"499\" data-end=\"523\">\n<p data-start=\"501\" data-end=\"523\">\ud83d\udc8d Fejesa \/ Propozim<\/p>\n<\/li>\n<li data-start=\"524\" data-end=\"541\">\n<p data-start=\"526\" data-end=\"541\">\ud83c\udf82 Dit\u00eblindje<\/p>\n<\/li>\n<li data-start=\"542\" data-end=\"574\">\n<p data-start=\"544\" data-end=\"574\">\ud83c\udf89 Dekor p\u00ebr evente speciale<\/p>\n<\/li>\n<\/ul>","protected":false},"excerpt":{"rendered":"<p>Balon dekorativ transparent me diamet\u00ebr <strong data-start=\"104\" data-end=\"129\">22 inch (rreth 56 cm)<\/strong>, i dizajnuar p\u00ebr t\u00eb krijuar nj\u00eb pamje elegante dhe luksoze.<br \/>\n<strong>KOMPLETI I KA 50 COPA<\/strong><\/p>","protected":false},"featured_media":34641,"template":"","meta":[],"product_brand":[],"product_cat":[295],"product_tag":[],"class_list":{"0":"post-34552","1":"product","2":"type-product","3":"status-publish","4":"has-post-thumbnail","6":"product_cat-ballone","8":"first","9":"instock","10":"taxable","11":"shipping-taxable","12":"purchasable","13":"product-type-simple"},"group_of_quantity":0,"min_quantity":50,"max_quantity":"","exclude_order_quantity_value_rules":"no","exclude_category_quantity_rules":"no","combine_variations":"no","jetpack_sharing_enabled":true,"_links":{"self":[{"href":"https:\/\/fushaco.com\/sq\/wp-json\/wp\/v2\/product\/34552","targetHints":{"allow":["GET"]}}],"collection":[{"href":"https:\/\/fushaco.com\/sq\/wp-json\/wp\/v2\/product"}],"about":[{"href":"https:\/\/fushaco.com\/sq\/wp-json\/wp\/v2\/types\/product"}],"version-history":[{"count":2,"href":"https:\/\/fushaco.com\/sq\/wp-json\/wp\/v2\/product\/34552\/revisions"}],"predecessor-version":[{"id":35535,"href":"https:\/\/fushaco.com\/sq\/wp-json\/wp\/v2\/product\/34552\/revisions\/35535"}],"wp:featuredmedia":[{"embeddable":true,"href":"https:\/\/fushaco.com\/sq\/wp-json\/wp\/v2\/media\/34641"}],"wp:attachment":[{"href":"https:\/\/fushaco.com\/sq\/wp-json\/wp\/v2\/media?parent=34552"}],"wp:term":[{"taxonomy":"product_brand","embeddable":true,"href":"https:\/\/fushaco.com\/sq\/wp-json\/wp\/v2\/product_brand?post=34552"},{"taxonomy":"product_cat","embeddable":true,"href":"https:\/\/fushaco.com\/sq\/wp-json\/wp\/v2\/product_cat?post=34552"},{"taxonomy":"product_tag","embeddable":true,"href":"https:\/\/fushaco.com\/sq\/wp-json\/wp\/v2\/product_tag?post=34552"}],"curies":[{"name":"wp","href":"https:\/\/api.w.org\/{rel}","templated":true}]}}