{"id":34556,"date":"2026-02-24T12:05:31","date_gmt":"2026-02-24T12:05:31","guid":{"rendered":"https:\/\/fushaco.com\/?post_type=product&#038;p=34556"},"modified":"2026-02-24T15:32:23","modified_gmt":"2026-02-24T15:32:23","slug":"ribbon-fush339-2","status":"publish","type":"product","link":"https:\/\/fushaco.com\/sq\/produkt\/ribbon-fush339-2\/","title":{"rendered":"Shirit Dekorativ me Perla &#8211; FUSH339"},"content":{"rendered":"<p data-start=\"457\" data-end=\"489\"><strong data-start=\"457\" data-end=\"489\">P\u00ebrdorim i p\u00ebrshtatsh\u00ebm p\u00ebr:<\/strong><\/p>\n<ul data-start=\"490\" data-end=\"646\">\n<li data-start=\"490\" data-end=\"520\">\n<p data-start=\"492\" data-end=\"520\">Dekor dasmash dhe fejesash<\/p>\n<\/li>\n<li data-start=\"521\" data-end=\"545\">\n<p data-start=\"523\" data-end=\"545\">Dekor kuti dhuratash<\/p>\n<\/li>\n<li data-start=\"546\" data-end=\"574\">\n<p data-start=\"548\" data-end=\"574\">Dekor tavolinash festive<\/p>\n<\/li>\n<li data-start=\"575\" data-end=\"602\">\n<p data-start=\"577\" data-end=\"602\">Punime artizanale (DIY)<\/p>\n<\/li>\n<li data-start=\"603\" data-end=\"646\">\n<p data-start=\"605\" data-end=\"646\">Aksesor\u00eb dekorativ\u00eb p\u00ebr lule dhe buqeta<\/p>\n<\/li>\n<\/ul>","protected":false},"excerpt":{"rendered":"<p>Shirit Dekorativ me Perla An\u00ebsore.<\/p>\n<ul>\n<li data-start=\"250\" data-end=\"277\">\n<p data-start=\"252\" data-end=\"277\"><strong data-start=\"255\" data-end=\"268\">Gjer\u00ebsia:<\/strong> 2.5 cm<\/p>\n<\/li>\n<li data-start=\"278\" data-end=\"313\">\n<p data-start=\"280\" data-end=\"313\"><strong data-start=\"283\" data-end=\"296\">Gjat\u00ebsia:<\/strong> 10 metra<\/p>\n<\/li>\n<li data-start=\"386\" data-end=\"455\">\n<p data-start=\"388\" data-end=\"455\"><strong data-start=\"391\" data-end=\"404\">P\u00ebrdorim:<\/strong> Paketim dhuratash, dekor eventesh, DIY, flower box<\/p>\n<\/li>\n<\/ul>","protected":false},"featured_media":34555,"template":"","meta":[],"product_brand":[],"product_cat":[324],"product_tag":[],"class_list":{"0":"post-34556","1":"product","2":"type-product","3":"status-publish","4":"has-post-thumbnail","6":"product_cat-ribbon","8":"first","9":"instock","10":"taxable","11":"shipping-taxable","12":"purchasable","13":"product-type-variable"},"group_of_quantity":0,"min_quantity":3,"max_quantity":"","exclude_order_quantity_value_rules":"no","exclude_category_quantity_rules":"no","combine_variations":"no","jetpack_sharing_enabled":true,"_links":{"self":[{"href":"https:\/\/fushaco.com\/sq\/wp-json\/wp\/v2\/product\/34556","targetHints":{"allow":["GET"]}}],"collection":[{"href":"https:\/\/fushaco.com\/sq\/wp-json\/wp\/v2\/product"}],"about":[{"href":"https:\/\/fushaco.com\/sq\/wp-json\/wp\/v2\/types\/product"}],"version-history":[{"count":3,"href":"https:\/\/fushaco.com\/sq\/wp-json\/wp\/v2\/product\/34556\/revisions"}],"predecessor-version":[{"id":34681,"href":"https:\/\/fushaco.com\/sq\/wp-json\/wp\/v2\/product\/34556\/revisions\/34681"}],"wp:featuredmedia":[{"embeddable":true,"href":"https:\/\/fushaco.com\/sq\/wp-json\/wp\/v2\/media\/34555"}],"wp:attachment":[{"href":"https:\/\/fushaco.com\/sq\/wp-json\/wp\/v2\/media?parent=34556"}],"wp:term":[{"taxonomy":"product_brand","embeddable":true,"href":"https:\/\/fushaco.com\/sq\/wp-json\/wp\/v2\/product_brand?post=34556"},{"taxonomy":"product_cat","embeddable":true,"href":"https:\/\/fushaco.com\/sq\/wp-json\/wp\/v2\/product_cat?post=34556"},{"taxonomy":"product_tag","embeddable":true,"href":"https:\/\/fushaco.com\/sq\/wp-json\/wp\/v2\/product_tag?post=34556"}],"curies":[{"name":"wp","href":"https:\/\/api.w.org\/{rel}","templated":true}]}}