{"id":34566,"date":"2026-02-24T09:47:57","date_gmt":"2026-02-24T09:47:57","guid":{"rendered":"https:\/\/fushaco.com\/?post_type=product&#038;p=34566"},"modified":"2026-03-25T15:00:34","modified_gmt":"2026-03-25T15:00:34","slug":"ribbon-fush342","status":"publish","type":"product","link":"https:\/\/fushaco.com\/sq\/produkt\/ribbon-fush342\/","title":{"rendered":"Shirit Dantelle Dekorativ &#8211; FUSH342"},"content":{"rendered":"<p data-start=\"394\" data-end=\"417\"><strong data-start=\"394\" data-end=\"417\">I p\u00ebrshtatsh\u00ebm p\u00ebr:<\/strong><\/p>\n<ul data-start=\"418\" data-end=\"570\">\n<li data-start=\"418\" data-end=\"448\">\n<p data-start=\"420\" data-end=\"448\">Dekor dasmash dhe fejesash<\/p>\n<\/li>\n<li data-start=\"449\" data-end=\"478\">\n<p data-start=\"451\" data-end=\"478\">Zbukurim kutish dhuratash<\/p>\n<\/li>\n<li data-start=\"479\" data-end=\"508\">\n<p data-start=\"481\" data-end=\"508\">Punime DIY dhe artizanale<\/p>\n<\/li>\n<li data-start=\"509\" data-end=\"537\">\n<p data-start=\"511\" data-end=\"537\">Dekor tavolinash festive<\/p>\n<\/li>\n<li data-start=\"538\" data-end=\"570\">\n<p data-start=\"540\" data-end=\"570\">Aksesor\u00eb p\u00ebr buqeta dhe lule<\/p>\n<\/li>\n<\/ul>","protected":false},"excerpt":{"rendered":"<p data-start=\"49\" data-end=\"289\">Shirit dekorativ i punuar me <strong data-start=\"78\" data-end=\"121\">material dantell\u00eb t\u00eb holl\u00eb dhe delikate<\/strong>, n\u00eb ngjyr\u00eb t\u00eb bardh\u00eb klasike. Tekstura e leht\u00eb dhe dizajni me motive t\u00eb imta i japin nj\u00eb pamje elegante dhe romantike, ideale p\u00ebr dekorime festive dhe punime kreative.<\/p>\n<p data-start=\"291\" data-end=\"392\">\u2714 Material i leht\u00eb dhe fleksib\u00ebl<br data-start=\"323\" data-end=\"326\" \/>\u2714 Dizajn i punuar me detaje fine<br data-start=\"358\" data-end=\"361\" \/>\u2714 Pamje e past\u00ebr dhe elegante<\/p>","protected":false},"featured_media":34567,"template":"","meta":[],"product_brand":[],"product_cat":[324],"product_tag":[],"class_list":{"0":"post-34566","1":"product","2":"type-product","3":"status-publish","4":"has-post-thumbnail","6":"product_cat-ribbon","8":"first","9":"instock","10":"taxable","11":"shipping-taxable","12":"purchasable","13":"product-type-simple"},"group_of_quantity":0,"min_quantity":3,"max_quantity":"","exclude_order_quantity_value_rules":"no","exclude_category_quantity_rules":"no","combine_variations":"no","jetpack_sharing_enabled":true,"_links":{"self":[{"href":"https:\/\/fushaco.com\/sq\/wp-json\/wp\/v2\/product\/34566","targetHints":{"allow":["GET"]}}],"collection":[{"href":"https:\/\/fushaco.com\/sq\/wp-json\/wp\/v2\/product"}],"about":[{"href":"https:\/\/fushaco.com\/sq\/wp-json\/wp\/v2\/types\/product"}],"version-history":[{"count":2,"href":"https:\/\/fushaco.com\/sq\/wp-json\/wp\/v2\/product\/34566\/revisions"}],"predecessor-version":[{"id":34682,"href":"https:\/\/fushaco.com\/sq\/wp-json\/wp\/v2\/product\/34566\/revisions\/34682"}],"wp:featuredmedia":[{"embeddable":true,"href":"https:\/\/fushaco.com\/sq\/wp-json\/wp\/v2\/media\/34567"}],"wp:attachment":[{"href":"https:\/\/fushaco.com\/sq\/wp-json\/wp\/v2\/media?parent=34566"}],"wp:term":[{"taxonomy":"product_brand","embeddable":true,"href":"https:\/\/fushaco.com\/sq\/wp-json\/wp\/v2\/product_brand?post=34566"},{"taxonomy":"product_cat","embeddable":true,"href":"https:\/\/fushaco.com\/sq\/wp-json\/wp\/v2\/product_cat?post=34566"},{"taxonomy":"product_tag","embeddable":true,"href":"https:\/\/fushaco.com\/sq\/wp-json\/wp\/v2\/product_tag?post=34566"}],"curies":[{"name":"wp","href":"https:\/\/api.w.org\/{rel}","templated":true}]}}