{"id":34569,"date":"2026-02-24T09:52:21","date_gmt":"2026-02-24T09:52:21","guid":{"rendered":"https:\/\/fushaco.com\/?post_type=product&#038;p=34569"},"modified":"2026-03-25T15:00:00","modified_gmt":"2026-03-25T15:00:00","slug":"34569","status":"publish","type":"product","link":"https:\/\/fushaco.com\/sq\/produkt\/34569\/","title":{"rendered":"Shirit Dekorativ me Perla-FUSH261"},"content":{"rendered":"<p data-start=\"535\" data-end=\"558\"><strong data-start=\"535\" data-end=\"558\">I p\u00ebrshtatsh\u00ebm p\u00ebr:<\/strong><\/p>\n<ul data-start=\"559\" data-end=\"733\">\n<li data-start=\"559\" data-end=\"589\">\n<p data-start=\"561\" data-end=\"589\">Dekor dasmash dhe fejesash<\/p>\n<\/li>\n<li data-start=\"590\" data-end=\"621\">\n<p data-start=\"592\" data-end=\"621\">Zbukurim tavolinash festive<\/p>\n<\/li>\n<li data-start=\"622\" data-end=\"659\">\n<p data-start=\"624\" data-end=\"659\">Dekor perde, sfonda apo candy bar<\/p>\n<\/li>\n<li data-start=\"660\" data-end=\"689\">\n<p data-start=\"662\" data-end=\"689\">Punime DIY dhe artizanale<\/p>\n<\/li>\n<li data-start=\"690\" data-end=\"733\">\n<p data-start=\"692\" data-end=\"733\">Zbukurim buqetash dhe paketim dhuratash<\/p>\n<\/li>\n<\/ul>","protected":false},"excerpt":{"rendered":"<p data-start=\"0\" data-end=\"53\"><strong data-start=\"0\" data-end=\"53\">Shirit Dekorativ me Perla \u2013 Ngjyr\u00eb e Bardh\u00eb<\/strong><\/p>\n<p data-start=\"273\" data-end=\"289\"><strong data-start=\"273\" data-end=\"289\">Specifikime:<\/strong><\/p>\n<ul data-start=\"290\" data-end=\"510\">\n<li data-start=\"290\" data-end=\"316\">\n<p data-start=\"292\" data-end=\"316\"><strong data-start=\"295\" data-end=\"308\">Gjer\u00ebsia:<\/strong> 25 cm<\/p>\n<\/li>\n<li data-start=\"317\" data-end=\"345\">\n<p data-start=\"319\" data-end=\"345\"><strong data-start=\"322\" data-end=\"335\">Gjat\u00ebsia:<\/strong> 4 metra<\/p>\n<\/li>\n<li data-start=\"346\" data-end=\"371\">\n<p data-start=\"348\" data-end=\"371\"><strong data-start=\"351\" data-end=\"362\">Ngjyra:<\/strong> Bardh\u00eb<\/p>\n<\/li>\n<li data-start=\"372\" data-end=\"430\">\n<p data-start=\"374\" data-end=\"430\"><strong data-start=\"376\" data-end=\"390\">Materiali:<\/strong> Organza transparente me dekor perlash<\/p>\n<\/li>\n<li data-start=\"431\" data-end=\"510\">\n<p data-start=\"433\" data-end=\"510\"><strong data-start=\"436\" data-end=\"449\">P\u00ebrdorim:<\/strong> Dekor dasmash, tavolina festive, flower box, sfond dekorativ<\/p>\n<\/li>\n<\/ul>","protected":false},"featured_media":34570,"template":"","meta":[],"product_brand":[],"product_cat":[324],"product_tag":[],"class_list":{"0":"post-34569","1":"product","2":"type-product","3":"status-publish","4":"has-post-thumbnail","6":"product_cat-ribbon","8":"first","9":"instock","10":"taxable","11":"shipping-taxable","12":"purchasable","13":"product-type-simple"},"group_of_quantity":0,"min_quantity":5,"max_quantity":"","exclude_order_quantity_value_rules":"no","exclude_category_quantity_rules":"no","combine_variations":"no","jetpack_sharing_enabled":true,"_links":{"self":[{"href":"https:\/\/fushaco.com\/sq\/wp-json\/wp\/v2\/product\/34569","targetHints":{"allow":["GET"]}}],"collection":[{"href":"https:\/\/fushaco.com\/sq\/wp-json\/wp\/v2\/product"}],"about":[{"href":"https:\/\/fushaco.com\/sq\/wp-json\/wp\/v2\/types\/product"}],"version-history":[{"count":3,"href":"https:\/\/fushaco.com\/sq\/wp-json\/wp\/v2\/product\/34569\/revisions"}],"predecessor-version":[{"id":34639,"href":"https:\/\/fushaco.com\/sq\/wp-json\/wp\/v2\/product\/34569\/revisions\/34639"}],"wp:featuredmedia":[{"embeddable":true,"href":"https:\/\/fushaco.com\/sq\/wp-json\/wp\/v2\/media\/34570"}],"wp:attachment":[{"href":"https:\/\/fushaco.com\/sq\/wp-json\/wp\/v2\/media?parent=34569"}],"wp:term":[{"taxonomy":"product_brand","embeddable":true,"href":"https:\/\/fushaco.com\/sq\/wp-json\/wp\/v2\/product_brand?post=34569"},{"taxonomy":"product_cat","embeddable":true,"href":"https:\/\/fushaco.com\/sq\/wp-json\/wp\/v2\/product_cat?post=34569"},{"taxonomy":"product_tag","embeddable":true,"href":"https:\/\/fushaco.com\/sq\/wp-json\/wp\/v2\/product_tag?post=34569"}],"curies":[{"name":"wp","href":"https:\/\/api.w.org\/{rel}","templated":true}]}}