{"id":34572,"date":"2026-02-24T10:01:56","date_gmt":"2026-02-24T10:01:56","guid":{"rendered":"https:\/\/fushaco.com\/?post_type=product&#038;p=34572"},"modified":"2026-02-24T16:01:46","modified_gmt":"2026-02-24T16:01:46","slug":"set-kuti-dhuratash-cilindrike-fush208","status":"publish","type":"product","link":"https:\/\/fushaco.com\/sq\/produkt\/set-kuti-dhuratash-cilindrike-fush208\/","title":{"rendered":"Set Kuti Dhuratash Cilindrike &#8211; FUSH208"},"content":{"rendered":"<p data-start=\"499\" data-end=\"514\"><strong data-start=\"499\" data-end=\"514\">Ideale p\u00ebr:<\/strong><\/p>\n<ul data-start=\"515\" data-end=\"671\">\n<li data-start=\"515\" data-end=\"544\">\n<p data-start=\"517\" data-end=\"544\">Paketim dhuratash premium<\/p>\n<\/li>\n<li data-start=\"515\" data-end=\"544\">Permasat : L ( 20 \u2300 &#8211; 20 Lartesia ) M ( 17.50 \u2300 &#8211; 17.50 Lartesia) S ( 15.50 \u2300 &#8211; 15.50 Lartesia)<\/li>\n<li data-start=\"545\" data-end=\"576\">\n<p data-start=\"547\" data-end=\"576\">Buqeta me lule (flower box)<\/p>\n<\/li>\n<li data-start=\"577\" data-end=\"606\">\n<p data-start=\"579\" data-end=\"606\">Dhurata p\u00ebr Sh\u00ebn Valentin<\/p>\n<\/li>\n<li data-start=\"607\" data-end=\"640\">\n<p data-start=\"609\" data-end=\"640\">P\u00ebrvjetor, dit\u00eblindje, fejesa<\/p>\n<\/li>\n<li data-start=\"641\" data-end=\"671\">\n<p data-start=\"643\" data-end=\"671\">Dekor vitrine ose eventesh<\/p>\n<\/li>\n<\/ul>","protected":false},"excerpt":{"rendered":"<p>Set elegant me <strong data-start=\"66\" data-end=\"87\">3 kuti cilindrike<\/strong>, me dizajn modern dhe minimalist. Kutit\u00eb kan\u00eb form\u00eb rrethore me kapak t\u00eb p\u00ebrshtatsh\u00ebm dhe baz\u00eb t\u00eb q\u00ebndrueshme, ideale p\u00ebr paketim luksoz dhuratash dhe dekorime festive.<\/p>","protected":false},"featured_media":34574,"template":"","meta":[],"product_brand":[],"product_cat":[318],"product_tag":[],"class_list":{"0":"post-34572","1":"product","2":"type-product","3":"status-publish","4":"has-post-thumbnail","6":"product_cat-gift-box","8":"first","9":"instock","10":"taxable","11":"shipping-taxable","12":"purchasable","13":"product-type-variable"},"group_of_quantity":0,"min_quantity":2,"max_quantity":"","exclude_order_quantity_value_rules":"no","exclude_category_quantity_rules":"no","combine_variations":"no","jetpack_sharing_enabled":true,"_links":{"self":[{"href":"https:\/\/fushaco.com\/sq\/wp-json\/wp\/v2\/product\/34572","targetHints":{"allow":["GET"]}}],"collection":[{"href":"https:\/\/fushaco.com\/sq\/wp-json\/wp\/v2\/product"}],"about":[{"href":"https:\/\/fushaco.com\/sq\/wp-json\/wp\/v2\/types\/product"}],"version-history":[{"count":3,"href":"https:\/\/fushaco.com\/sq\/wp-json\/wp\/v2\/product\/34572\/revisions"}],"predecessor-version":[{"id":34703,"href":"https:\/\/fushaco.com\/sq\/wp-json\/wp\/v2\/product\/34572\/revisions\/34703"}],"wp:featuredmedia":[{"embeddable":true,"href":"https:\/\/fushaco.com\/sq\/wp-json\/wp\/v2\/media\/34574"}],"wp:attachment":[{"href":"https:\/\/fushaco.com\/sq\/wp-json\/wp\/v2\/media?parent=34572"}],"wp:term":[{"taxonomy":"product_brand","embeddable":true,"href":"https:\/\/fushaco.com\/sq\/wp-json\/wp\/v2\/product_brand?post=34572"},{"taxonomy":"product_cat","embeddable":true,"href":"https:\/\/fushaco.com\/sq\/wp-json\/wp\/v2\/product_cat?post=34572"},{"taxonomy":"product_tag","embeddable":true,"href":"https:\/\/fushaco.com\/sq\/wp-json\/wp\/v2\/product_tag?post=34572"}],"curies":[{"name":"wp","href":"https:\/\/api.w.org\/{rel}","templated":true}]}}