{"id":34599,"date":"2026-02-24T10:45:20","date_gmt":"2026-02-24T10:45:20","guid":{"rendered":"https:\/\/fushaco.com\/?post_type=product&#038;p=34599"},"modified":"2026-02-24T15:58:29","modified_gmt":"2026-02-24T15:58:29","slug":"lule-gjethe-artificiale-fush338","status":"publish","type":"product","link":"https:\/\/fushaco.com\/sq\/produkt\/lule-gjethe-artificiale-fush338\/","title":{"rendered":"Lule Gjethe Artificiale &#8211; FUSH338"},"content":{"rendered":"<p data-start=\"434\" data-end=\"449\"><strong data-start=\"434\" data-end=\"449\">Ideale p\u00ebr:<\/strong><\/p>\n<ul data-start=\"450\" data-end=\"596\">\n<li data-start=\"450\" data-end=\"471\">\n<p data-start=\"452\" data-end=\"471\">Plot\u00ebsim buqetash<\/p>\n<\/li>\n<li data-start=\"472\" data-end=\"496\">\n<p data-start=\"474\" data-end=\"496\">Aranzhime flower box<\/p>\n<\/li>\n<li data-start=\"497\" data-end=\"527\">\n<p data-start=\"499\" data-end=\"527\">Dekor sht\u00ebpie dhe eventesh<\/p>\n<\/li>\n<li data-start=\"528\" data-end=\"568\">\n<p data-start=\"530\" data-end=\"568\">Sfond dekorativ p\u00ebr dasma dhe fejesa<\/p>\n<\/li>\n<li data-start=\"569\" data-end=\"596\">\n<p data-start=\"571\" data-end=\"596\">Punime DIY dhe kreative<\/p>\n<\/li>\n<\/ul>","protected":false},"excerpt":{"rendered":"<p data-start=\"0\" data-end=\"48\"><strong data-start=\"0\" data-end=\"48\">Lule Gjethe Artificiale<\/strong><\/p>\n<p data-start=\"50\" data-end=\"273\">Deg\u00eb dekorative me <strong data-start=\"69\" data-end=\"96\">gjethe artificiale<\/strong>, e dizajnuar p\u00ebr t\u00eb krijuar volum dhe freski n\u00eb \u00e7do aranzhim floral. Struktura me disa deg\u00ebza dhe gjethe t\u00eb vendosura n\u00eb m\u00ebnyr\u00eb simetrike i jep nj\u00eb pamje t\u00eb plot\u00eb dhe elegante.<\/p>","protected":false},"featured_media":34600,"template":"","meta":[],"product_brand":[],"product_cat":[307],"product_tag":[],"class_list":{"0":"post-34599","1":"product","2":"type-product","3":"status-publish","4":"has-post-thumbnail","6":"product_cat-lule-artificiale","8":"first","9":"instock","10":"taxable","11":"shipping-taxable","12":"purchasable","13":"product-type-variable","14":"has-default-attributes"},"group_of_quantity":0,"min_quantity":0,"max_quantity":"","exclude_order_quantity_value_rules":"no","exclude_category_quantity_rules":"no","combine_variations":"no","jetpack_sharing_enabled":true,"_links":{"self":[{"href":"https:\/\/fushaco.com\/sq\/wp-json\/wp\/v2\/product\/34599","targetHints":{"allow":["GET"]}}],"collection":[{"href":"https:\/\/fushaco.com\/sq\/wp-json\/wp\/v2\/product"}],"about":[{"href":"https:\/\/fushaco.com\/sq\/wp-json\/wp\/v2\/types\/product"}],"version-history":[{"count":3,"href":"https:\/\/fushaco.com\/sq\/wp-json\/wp\/v2\/product\/34599\/revisions"}],"predecessor-version":[{"id":34693,"href":"https:\/\/fushaco.com\/sq\/wp-json\/wp\/v2\/product\/34599\/revisions\/34693"}],"wp:featuredmedia":[{"embeddable":true,"href":"https:\/\/fushaco.com\/sq\/wp-json\/wp\/v2\/media\/34600"}],"wp:attachment":[{"href":"https:\/\/fushaco.com\/sq\/wp-json\/wp\/v2\/media?parent=34599"}],"wp:term":[{"taxonomy":"product_brand","embeddable":true,"href":"https:\/\/fushaco.com\/sq\/wp-json\/wp\/v2\/product_brand?post=34599"},{"taxonomy":"product_cat","embeddable":true,"href":"https:\/\/fushaco.com\/sq\/wp-json\/wp\/v2\/product_cat?post=34599"},{"taxonomy":"product_tag","embeddable":true,"href":"https:\/\/fushaco.com\/sq\/wp-json\/wp\/v2\/product_tag?post=34599"}],"curies":[{"name":"wp","href":"https:\/\/api.w.org\/{rel}","templated":true}]}}