{"id":34624,"date":"2026-02-24T11:59:27","date_gmt":"2026-02-24T11:59:27","guid":{"rendered":"https:\/\/fushaco.com\/?post_type=product&#038;p=34624"},"modified":"2026-02-24T15:30:54","modified_gmt":"2026-02-24T15:30:54","slug":"ribbon-fush305","status":"publish","type":"product","link":"https:\/\/fushaco.com\/sq\/produkt\/ribbon-fush305\/","title":{"rendered":"Shirit Sateni \u2013 Set 5 Cop\u00eb (2.5 cm x 23 m) &#8211; FUSH305"},"content":{"rendered":"<p data-start=\"233\" data-end=\"249\"><strong data-start=\"233\" data-end=\"249\">Specifikime:<\/strong><\/p>\n<ul data-start=\"250\" data-end=\"455\">\n<li data-start=\"250\" data-end=\"277\">\n<p data-start=\"252\" data-end=\"277\"><strong data-start=\"255\" data-end=\"268\">Gjer\u00ebsia:<\/strong> 2.5 cm<\/p>\n<\/li>\n<li data-start=\"278\" data-end=\"313\">\n<p data-start=\"280\" data-end=\"313\"><strong data-start=\"283\" data-end=\"296\">Gjat\u00ebsia:<\/strong> rreth 23 metra<\/p>\n<\/li>\n<li data-start=\"314\" data-end=\"338\">\n<p data-start=\"316\" data-end=\"338\"><strong data-start=\"319\" data-end=\"330\">Ngjyra:<\/strong> Bordo<\/p>\n<\/li>\n<li data-start=\"339\" data-end=\"385\">\n<p data-start=\"341\" data-end=\"385\"><strong data-start=\"343\" data-end=\"357\">Materiali:<\/strong> Saten me shk\u00eblqim t\u00eb but\u00eb<\/p>\n<\/li>\n<li data-start=\"386\" data-end=\"455\">\n<p data-start=\"388\" data-end=\"455\"><strong data-start=\"391\" data-end=\"404\">P\u00ebrdorim:<\/strong> Paketim dhuratash, dekor eventesh, DIY, flower box<\/p>\n<\/li>\n<\/ul>","protected":false},"excerpt":{"rendered":"<p>Shirit dekorativ sateni me shk\u00eblqim elegant, ideal p\u00ebr paketim dhuratash dhe dekorime festive.<\/p>","protected":false},"featured_media":34625,"template":"","meta":[],"product_brand":[],"product_cat":[324],"product_tag":[],"class_list":{"0":"post-34624","1":"product","2":"type-product","3":"status-publish","4":"has-post-thumbnail","6":"product_cat-ribbon","8":"first","9":"instock","10":"taxable","11":"shipping-taxable","12":"purchasable","13":"product-type-variable","14":"has-default-attributes"},"group_of_quantity":0,"min_quantity":5,"max_quantity":"","exclude_order_quantity_value_rules":"no","exclude_category_quantity_rules":"no","combine_variations":"yes","jetpack_sharing_enabled":true,"_links":{"self":[{"href":"https:\/\/fushaco.com\/sq\/wp-json\/wp\/v2\/product\/34624","targetHints":{"allow":["GET"]}}],"collection":[{"href":"https:\/\/fushaco.com\/sq\/wp-json\/wp\/v2\/product"}],"about":[{"href":"https:\/\/fushaco.com\/sq\/wp-json\/wp\/v2\/types\/product"}],"version-history":[{"count":2,"href":"https:\/\/fushaco.com\/sq\/wp-json\/wp\/v2\/product\/34624\/revisions"}],"predecessor-version":[{"id":34679,"href":"https:\/\/fushaco.com\/sq\/wp-json\/wp\/v2\/product\/34624\/revisions\/34679"}],"wp:featuredmedia":[{"embeddable":true,"href":"https:\/\/fushaco.com\/sq\/wp-json\/wp\/v2\/media\/34625"}],"wp:attachment":[{"href":"https:\/\/fushaco.com\/sq\/wp-json\/wp\/v2\/media?parent=34624"}],"wp:term":[{"taxonomy":"product_brand","embeddable":true,"href":"https:\/\/fushaco.com\/sq\/wp-json\/wp\/v2\/product_brand?post=34624"},{"taxonomy":"product_cat","embeddable":true,"href":"https:\/\/fushaco.com\/sq\/wp-json\/wp\/v2\/product_cat?post=34624"},{"taxonomy":"product_tag","embeddable":true,"href":"https:\/\/fushaco.com\/sq\/wp-json\/wp\/v2\/product_tag?post=34624"}],"curies":[{"name":"wp","href":"https:\/\/api.w.org\/{rel}","templated":true}]}}