{"id":34665,"date":"2026-02-24T15:29:54","date_gmt":"2026-02-24T15:29:54","guid":{"rendered":"https:\/\/fushaco.com\/?post_type=product&#038;p=34665"},"modified":"2026-02-24T15:29:55","modified_gmt":"2026-02-24T15:29:55","slug":"shirit-sateni-set-10-cope-1-5-cm-x-23-m-fush304","status":"publish","type":"product","link":"https:\/\/fushaco.com\/sq\/produkt\/shirit-sateni-set-10-cope-1-5-cm-x-23-m-fush304\/","title":{"rendered":"Shirit Sateni \u2013 Set 10 Cop\u00eb (1.5 cm x 23 m) &#8211; FUSH304"},"content":{"rendered":"<h3 data-start=\"441\" data-end=\"461\">\ud83d\udccf Specifikimet:<\/h3>\n<ul data-start=\"462\" data-end=\"647\">\n<li data-start=\"462\" data-end=\"496\">\n<p data-start=\"464\" data-end=\"496\">\u2714 <strong data-start=\"466\" data-end=\"480\">Materiali:<\/strong> Saten cil\u00ebsor<\/p>\n<\/li>\n<li data-start=\"497\" data-end=\"523\">\n<p data-start=\"499\" data-end=\"523\">\u2714 <strong data-start=\"501\" data-end=\"514\">Gjer\u00ebsia:<\/strong> 1.5 cm<\/p>\n<\/li>\n<li data-start=\"524\" data-end=\"565\">\n<p data-start=\"526\" data-end=\"565\">\u2714 <strong data-start=\"528\" data-end=\"554\">Gjat\u00ebsia p\u00ebr 1 ribbon:<\/strong> 23 metra<\/p>\n<\/li>\n<li data-start=\"566\" data-end=\"602\">\n<p data-start=\"568\" data-end=\"602\">\u2714 <strong data-start=\"570\" data-end=\"592\">Kompleti p\u00ebrfshin:<\/strong> 10 cop\u00eb<\/p>\n<\/li>\n<li data-start=\"603\" data-end=\"647\">\n<p data-start=\"605\" data-end=\"647\">\u2714 <strong data-start=\"607\" data-end=\"635\">Gjat\u00ebsia totale e setit:<\/strong> 230 metra<\/p>\n<\/li>\n<li data-start=\"603\" data-end=\"647\">\n<h3 data-start=\"654\" data-end=\"680\">\ud83c\udf81 I p\u00ebrshtatsh\u00ebm p\u00ebr:<\/h3>\n<ul data-start=\"681\" data-end=\"838\">\n<li data-start=\"681\" data-end=\"702\">\n<p data-start=\"683\" data-end=\"702\">Paketim dhuratash<\/p>\n<\/li>\n<li data-start=\"703\" data-end=\"749\">\n<p data-start=\"705\" data-end=\"749\">Dekor eventesh (dasma, fejesa, dit\u00eblindje)<\/p>\n<\/li>\n<li data-start=\"750\" data-end=\"778\">\n<p data-start=\"752\" data-end=\"778\">Flower box dhe aranzhime<\/p>\n<\/li>\n<li data-start=\"779\" data-end=\"808\">\n<p data-start=\"781\" data-end=\"808\">Punime DIY dhe artizanale<\/p>\n<\/li>\n<li data-start=\"809\" data-end=\"838\">\n<p data-start=\"811\" data-end=\"838\">Dekor festive dhe sezonal<\/p>\n<\/li>\n<\/ul>\n<\/li>\n<\/ul>","protected":false},"excerpt":{"rendered":"<p data-start=\"116\" data-end=\"323\">Set profesional me <strong data-start=\"135\" data-end=\"156\">10 shirita sateni<\/strong>, ideal p\u00ebr dekorime, paketim dhuratash dhe punime kreative. Material cil\u00ebsor me shk\u00eblqim elegant dhe tekstur\u00eb t\u00eb l\u00ebmuar, q\u00eb krijon fjongo perfekte dhe detaje luksoze.<\/p>\n<p data-start=\"325\" data-end=\"434\">Ky set \u00ebsht\u00eb zgjidhje shum\u00eb praktike p\u00ebr p\u00ebrdorim biznesi apo personal, pasi ofron gjat\u00ebsi t\u00eb madhe n\u00eb total.<\/p>","protected":false},"featured_media":34621,"template":"","meta":[],"product_brand":[],"product_cat":[324],"product_tag":[],"class_list":{"0":"post-34665","1":"product","2":"type-product","3":"status-publish","4":"has-post-thumbnail","6":"product_cat-ribbon","8":"first","9":"instock","10":"taxable","11":"shipping-taxable","12":"purchasable","13":"product-type-variable","14":"has-default-attributes"},"group_of_quantity":0,"min_quantity":6,"max_quantity":"","exclude_order_quantity_value_rules":"no","exclude_category_quantity_rules":"no","combine_variations":"yes","jetpack_sharing_enabled":true,"_links":{"self":[{"href":"https:\/\/fushaco.com\/sq\/wp-json\/wp\/v2\/product\/34665","targetHints":{"allow":["GET"]}}],"collection":[{"href":"https:\/\/fushaco.com\/sq\/wp-json\/wp\/v2\/product"}],"about":[{"href":"https:\/\/fushaco.com\/sq\/wp-json\/wp\/v2\/types\/product"}],"version-history":[{"count":1,"href":"https:\/\/fushaco.com\/sq\/wp-json\/wp\/v2\/product\/34665\/revisions"}],"predecessor-version":[{"id":34678,"href":"https:\/\/fushaco.com\/sq\/wp-json\/wp\/v2\/product\/34665\/revisions\/34678"}],"wp:featuredmedia":[{"embeddable":true,"href":"https:\/\/fushaco.com\/sq\/wp-json\/wp\/v2\/media\/34621"}],"wp:attachment":[{"href":"https:\/\/fushaco.com\/sq\/wp-json\/wp\/v2\/media?parent=34665"}],"wp:term":[{"taxonomy":"product_brand","embeddable":true,"href":"https:\/\/fushaco.com\/sq\/wp-json\/wp\/v2\/product_brand?post=34665"},{"taxonomy":"product_cat","embeddable":true,"href":"https:\/\/fushaco.com\/sq\/wp-json\/wp\/v2\/product_cat?post=34665"},{"taxonomy":"product_tag","embeddable":true,"href":"https:\/\/fushaco.com\/sq\/wp-json\/wp\/v2\/product_tag?post=34665"}],"curies":[{"name":"wp","href":"https:\/\/api.w.org\/{rel}","templated":true}]}}