{"id":34736,"date":"2026-02-25T08:52:58","date_gmt":"2026-02-25T08:52:58","guid":{"rendered":"https:\/\/fushaco.com\/?post_type=product&#038;p=34736"},"modified":"2026-02-25T08:53:16","modified_gmt":"2026-02-25T08:53:16","slug":"lule-artificiale-lulebore-fush244","status":"publish","type":"product","link":"https:\/\/fushaco.com\/sq\/produkt\/lule-artificiale-lulebore-fush244\/","title":{"rendered":"Lule Artificiale LuleBor\u00eb &#8211; FUSH244"},"content":{"rendered":"","protected":false},"excerpt":{"rendered":"<p data-start=\"105\" data-end=\"355\">E dizajnuar p\u00ebr t\u00eb sjell\u00eb freski dhe eleganc\u00eb n\u00eb \u00e7do ambient. Lulet jan\u00eb t\u00eb punuara me detaje realiste, nd\u00ebrsa gjethet jeshile dhe k\u00ebrcelli i fort\u00eb krijojn\u00eb nj\u00eb pamje natyrale dhe t\u00eb harmonizuar.<\/p>\n<p data-start=\"357\" data-end=\"574\">E p\u00ebrshtatshme p\u00ebr dekorim sht\u00ebpie, evente, dasma, vitrina dyqanesh apo kombinime me buqeta t\u00eb tjera artificiale. Fal\u00eb materialit cil\u00ebsor, ruan form\u00ebn dhe ngjyr\u00ebn p\u00ebr nj\u00eb koh\u00eb t\u00eb gjat\u00eb pa pasur nevoj\u00eb p\u00ebr mir\u00ebmbajtje.<\/p>\n<p data-start=\"576\" data-end=\"717\">\u2714 Pamje e plot\u00eb dhe voluminoze<br data-start=\"606\" data-end=\"609\" \/>\u2714 Detaje realiste n\u00eb petale dhe gjethe<br data-start=\"647\" data-end=\"650\" \/>\u2714 Ideale p\u00ebr dekorime dhe evente<br data-start=\"682\" data-end=\"685\" \/>\u2714 Nuk k\u00ebrkon ujitje apo kujdes<\/p>\n<p data-start=\"719\" data-end=\"796\">Disponohet n\u00eb disa ngjyra t\u00eb bukura p\u00ebr t\u2019iu p\u00ebrshtatur \u00e7do stili dekorimi.<\/p>","protected":false},"featured_media":34737,"template":"","meta":[],"product_brand":[],"product_cat":[307],"product_tag":[],"class_list":{"0":"post-34736","1":"product","2":"type-product","3":"status-publish","4":"has-post-thumbnail","6":"product_cat-lule-artificiale","8":"first","9":"instock","10":"taxable","11":"shipping-taxable","12":"purchasable","13":"product-type-variable"},"group_of_quantity":0,"min_quantity":0,"max_quantity":"","exclude_order_quantity_value_rules":"no","exclude_category_quantity_rules":"no","combine_variations":"no","jetpack_sharing_enabled":true,"_links":{"self":[{"href":"https:\/\/fushaco.com\/sq\/wp-json\/wp\/v2\/product\/34736","targetHints":{"allow":["GET"]}}],"collection":[{"href":"https:\/\/fushaco.com\/sq\/wp-json\/wp\/v2\/product"}],"about":[{"href":"https:\/\/fushaco.com\/sq\/wp-json\/wp\/v2\/types\/product"}],"version-history":[{"count":2,"href":"https:\/\/fushaco.com\/sq\/wp-json\/wp\/v2\/product\/34736\/revisions"}],"predecessor-version":[{"id":34742,"href":"https:\/\/fushaco.com\/sq\/wp-json\/wp\/v2\/product\/34736\/revisions\/34742"}],"wp:featuredmedia":[{"embeddable":true,"href":"https:\/\/fushaco.com\/sq\/wp-json\/wp\/v2\/media\/34737"}],"wp:attachment":[{"href":"https:\/\/fushaco.com\/sq\/wp-json\/wp\/v2\/media?parent=34736"}],"wp:term":[{"taxonomy":"product_brand","embeddable":true,"href":"https:\/\/fushaco.com\/sq\/wp-json\/wp\/v2\/product_brand?post=34736"},{"taxonomy":"product_cat","embeddable":true,"href":"https:\/\/fushaco.com\/sq\/wp-json\/wp\/v2\/product_cat?post=34736"},{"taxonomy":"product_tag","embeddable":true,"href":"https:\/\/fushaco.com\/sq\/wp-json\/wp\/v2\/product_tag?post=34736"}],"curies":[{"name":"wp","href":"https:\/\/api.w.org\/{rel}","templated":true}]}}