{"id":34743,"date":"2026-02-25T08:55:28","date_gmt":"2026-02-25T08:55:28","guid":{"rendered":"https:\/\/fushaco.com\/?post_type=product&#038;p=34743"},"modified":"2026-03-18T10:49:55","modified_gmt":"2026-03-18T10:49:55","slug":"orkide-artificiale-dekorative-fush109","status":"publish","type":"product","link":"https:\/\/fushaco.com\/sq\/produkt\/orkide-artificiale-dekorative-fush109\/","title":{"rendered":"Orkide Artificiale Dekorative \u2013 FUSH109"},"content":{"rendered":"<p data-start=\"563\" data-end=\"716\">\u2714 Pamje realiste dhe detaje t\u00eb pasura<br data-start=\"600\" data-end=\"603\" \/>\u2714 K\u00ebrcell i gjat\u00eb dhe i q\u00ebndruesh\u00ebm<br data-start=\"638\" data-end=\"641\" \/>\u2714 Ideale p\u00ebr ambiente moderne dhe evente<br data-start=\"681\" data-end=\"684\" \/>\u2714 Nuk k\u00ebrkon ujitje apo kujdes<\/p>\n<p data-start=\"718\" data-end=\"792\">Disponohet n\u00eb ngjyra t\u00eb ndryshme p\u00ebr t\u2019iu p\u00ebrshtatur \u00e7do stili dekorimi.<\/p>","protected":false},"excerpt":{"rendered":"<p data-start=\"94\" data-end=\"353\">Orkide artificiale me dizajn realist dhe detaje t\u00eb punuara me fines\u00eb, e cila sjell eleganc\u00eb dhe stil modern n\u00eb \u00e7do ambient. Lulet jan\u00eb t\u00eb vendosura p\u00ebrgjat\u00eb k\u00ebrcellit t\u00eb gjat\u00eb me sytha dekorativ\u00eb n\u00eb pjes\u00ebn e sip\u00ebrme, duke krijuar pamje natyrale dhe harmonike.<\/p>\n<p data-start=\"355\" data-end=\"561\">E p\u00ebrshtatshme p\u00ebr dekorim sht\u00ebpie, zyra, evente, dasma apo kombinime me vazo elegante. Materiali cil\u00ebsor siguron q\u00eb lulja t\u00eb ruaj\u00eb form\u00ebn dhe ngjyr\u00ebn p\u00ebr nj\u00eb koh\u00eb t\u00eb gjat\u00eb, pa pasur nevoj\u00eb p\u00ebr mir\u00ebmbajtje.<\/p>","protected":false},"featured_media":34745,"template":"","meta":[],"product_brand":[],"product_cat":[307],"product_tag":[],"class_list":{"0":"post-34743","1":"product","2":"type-product","3":"status-publish","4":"has-post-thumbnail","6":"product_cat-lule-artificiale","8":"first","9":"instock","10":"taxable","11":"shipping-taxable","12":"purchasable","13":"product-type-variable","14":"has-default-attributes"},"group_of_quantity":0,"min_quantity":0,"max_quantity":"","exclude_order_quantity_value_rules":"no","exclude_category_quantity_rules":"no","combine_variations":"no","jetpack_sharing_enabled":true,"_links":{"self":[{"href":"https:\/\/fushaco.com\/sq\/wp-json\/wp\/v2\/product\/34743","targetHints":{"allow":["GET"]}}],"collection":[{"href":"https:\/\/fushaco.com\/sq\/wp-json\/wp\/v2\/product"}],"about":[{"href":"https:\/\/fushaco.com\/sq\/wp-json\/wp\/v2\/types\/product"}],"version-history":[{"count":1,"href":"https:\/\/fushaco.com\/sq\/wp-json\/wp\/v2\/product\/34743\/revisions"}],"predecessor-version":[{"id":34748,"href":"https:\/\/fushaco.com\/sq\/wp-json\/wp\/v2\/product\/34743\/revisions\/34748"}],"wp:featuredmedia":[{"embeddable":true,"href":"https:\/\/fushaco.com\/sq\/wp-json\/wp\/v2\/media\/34745"}],"wp:attachment":[{"href":"https:\/\/fushaco.com\/sq\/wp-json\/wp\/v2\/media?parent=34743"}],"wp:term":[{"taxonomy":"product_brand","embeddable":true,"href":"https:\/\/fushaco.com\/sq\/wp-json\/wp\/v2\/product_brand?post=34743"},{"taxonomy":"product_cat","embeddable":true,"href":"https:\/\/fushaco.com\/sq\/wp-json\/wp\/v2\/product_cat?post=34743"},{"taxonomy":"product_tag","embeddable":true,"href":"https:\/\/fushaco.com\/sq\/wp-json\/wp\/v2\/product_tag?post=34743"}],"curies":[{"name":"wp","href":"https:\/\/api.w.org\/{rel}","templated":true}]}}