{"id":34772,"date":"2026-02-25T09:15:08","date_gmt":"2026-02-25T09:15:08","guid":{"rendered":"https:\/\/fushaco.com\/?post_type=product&#038;p=34772"},"modified":"2026-03-12T08:35:36","modified_gmt":"2026-03-12T08:35:36","slug":"leter-ambalazhuese-fush303","status":"publish","type":"product","link":"https:\/\/fushaco.com\/sq\/produkt\/leter-ambalazhuese-fush303\/","title":{"rendered":"Ambalazhim p\u00ebr Buqeta &#8211; FUSH303"},"content":{"rendered":"","protected":false},"excerpt":{"rendered":"<p data-start=\"133\" data-end=\"345\">Let\u00ebr ambalazhuese elegante dhe moderne, e p\u00ebrshtatshme p\u00ebr paketimin e buqetave, dhuratave dhe dekorimeve festive. Material cil\u00ebsor me pamje t\u00eb rafinuar, q\u00eb i jep \u00e7do kompozimi nj\u00eb stil luksoz dhe profesional.<\/p>\n<p data-start=\"347\" data-end=\"556\">Disponohet n\u00eb <strong data-start=\"361\" data-end=\"389\">shum\u00ebllojshm\u00ebri ngjyrash<\/strong> \u2013 nga tonet klasike si e bardh\u00eb dhe transparente, deri tek nuancat pastel dhe moderne si mint, roz\u00eb nude, gri etj., duke ju mund\u00ebsuar kombinim perfekt p\u00ebr \u00e7do rast.<\/p>\n<p data-start=\"558\" data-end=\"751\">\u2728 Cil\u00ebsi e lart\u00eb dhe rezistente<br data-start=\"589\" data-end=\"592\" \/>\u2728 Pamje moderne &amp; minimaliste<br data-start=\"621\" data-end=\"624\" \/>\u2728 Ideale p\u00ebr florist\u00eb dhe paketim profesional<br data-start=\"669\" data-end=\"672\" \/>\u2728 E p\u00ebrshtatshme p\u00ebr \u00e7do event (8 Mars, dasma, dit\u00eblindje, surpriza speciale)<\/p>\n<p>\ud83d\udce6 <strong data-start=\"756\" data-end=\"784\">1 paketim p\u00ebrmban 20 copa<\/strong><\/p>\n<ul>\n<li><strong>Dimensioni i letres 57x57cm<\/strong><\/li>\n<\/ul>","protected":false},"featured_media":34773,"template":"","meta":[],"product_brand":[],"product_cat":[311],"product_tag":[],"class_list":{"0":"post-34772","1":"product","2":"type-product","3":"status-publish","4":"has-post-thumbnail","6":"product_cat-ambalazhim","8":"first","9":"instock","10":"taxable","11":"shipping-taxable","12":"purchasable","13":"product-type-variable","14":"has-default-attributes"},"group_of_quantity":0,"min_quantity":5,"max_quantity":"","exclude_order_quantity_value_rules":"no","exclude_category_quantity_rules":"no","combine_variations":"yes","jetpack_sharing_enabled":true,"_links":{"self":[{"href":"https:\/\/fushaco.com\/sq\/wp-json\/wp\/v2\/product\/34772","targetHints":{"allow":["GET"]}}],"collection":[{"href":"https:\/\/fushaco.com\/sq\/wp-json\/wp\/v2\/product"}],"about":[{"href":"https:\/\/fushaco.com\/sq\/wp-json\/wp\/v2\/types\/product"}],"version-history":[{"count":4,"href":"https:\/\/fushaco.com\/sq\/wp-json\/wp\/v2\/product\/34772\/revisions"}],"predecessor-version":[{"id":34807,"href":"https:\/\/fushaco.com\/sq\/wp-json\/wp\/v2\/product\/34772\/revisions\/34807"}],"wp:featuredmedia":[{"embeddable":true,"href":"https:\/\/fushaco.com\/sq\/wp-json\/wp\/v2\/media\/34773"}],"wp:attachment":[{"href":"https:\/\/fushaco.com\/sq\/wp-json\/wp\/v2\/media?parent=34772"}],"wp:term":[{"taxonomy":"product_brand","embeddable":true,"href":"https:\/\/fushaco.com\/sq\/wp-json\/wp\/v2\/product_brand?post=34772"},{"taxonomy":"product_cat","embeddable":true,"href":"https:\/\/fushaco.com\/sq\/wp-json\/wp\/v2\/product_cat?post=34772"},{"taxonomy":"product_tag","embeddable":true,"href":"https:\/\/fushaco.com\/sq\/wp-json\/wp\/v2\/product_tag?post=34772"}],"curies":[{"name":"wp","href":"https:\/\/api.w.org\/{rel}","templated":true}]}}