{"id":34789,"date":"2026-02-25T11:41:53","date_gmt":"2026-02-25T11:41:53","guid":{"rendered":"https:\/\/fushaco.com\/?post_type=product&#038;p=34789"},"modified":"2026-03-12T08:41:29","modified_gmt":"2026-03-12T08:41:29","slug":"ambalazhim-per-buqeta-fush344","status":"publish","type":"product","link":"https:\/\/fushaco.com\/sq\/produkt\/ambalazhim-per-buqeta-fush344\/","title":{"rendered":"Ambalazhim p\u00ebr Buqeta &#8211; FUSH344"},"content":{"rendered":"<p data-start=\"585\" data-end=\"776\">\u2728 Material cil\u00ebsor dhe rezistent<br data-start=\"617\" data-end=\"620\" \/>\u2728 Pamje elegante &amp; minimaliste<br data-start=\"650\" data-end=\"653\" \/>\u2728 Ideale p\u00ebr florist\u00eb dhe dekorime festive<br data-start=\"695\" data-end=\"698\" \/>\u2728 E p\u00ebrshtatshme p\u00ebr 8 Mars, dasma, fejesa, dit\u00eblindje dhe surpriza speciale<\/p>","protected":false},"excerpt":{"rendered":"<p data-start=\"146\" data-end=\"393\">Koleksion elegant letre ambalazhuese, i dizajnuar p\u00ebr t\u2019i dh\u00ebn\u00eb \u00e7do buqete apo dhurate nj\u00eb pamje luksoze dhe t\u00eb kuruar n\u00eb detaj. Me tekstur\u00eb t\u00eb but\u00eb satin ose finish modern transparent, k\u00ebto letra krijojn\u00eb paketim profesional dhe shum\u00eb t\u00ebrheq\u00ebs.<\/p>\n<p data-start=\"395\" data-end=\"583\">Disponohen n\u00eb <strong data-start=\"409\" data-end=\"445\">shum\u00eb ngjyra moderne dhe klasike<\/strong> si: e bardh\u00eb, transparente, mint green, roz\u00eb nude, bordo, gri elegante etj., duke ju mund\u00ebsuar kombinim perfekt p\u00ebr \u00e7do stil dhe event.<\/p>\n<ul>\n<li data-start=\"395\" data-end=\"583\"><strong>1 Komplet p\u00ebrmban 20 cop\u00eb.<\/strong><\/li>\n<li data-start=\"395\" data-end=\"583\"><strong>Dimensionet e letres jan\u00eb 52x52cm.<\/strong><\/li>\n<\/ul>","protected":false},"featured_media":34790,"template":"","meta":[],"product_brand":[],"product_cat":[311],"product_tag":[],"class_list":{"0":"post-34789","1":"product","2":"type-product","3":"status-publish","4":"has-post-thumbnail","6":"product_cat-ambalazhim","8":"first","9":"instock","10":"taxable","11":"shipping-taxable","12":"purchasable","13":"product-type-variable","14":"has-default-attributes"},"group_of_quantity":0,"min_quantity":5,"max_quantity":"","exclude_order_quantity_value_rules":"no","exclude_category_quantity_rules":"no","combine_variations":"yes","jetpack_sharing_enabled":true,"_links":{"self":[{"href":"https:\/\/fushaco.com\/sq\/wp-json\/wp\/v2\/product\/34789","targetHints":{"allow":["GET"]}}],"collection":[{"href":"https:\/\/fushaco.com\/sq\/wp-json\/wp\/v2\/product"}],"about":[{"href":"https:\/\/fushaco.com\/sq\/wp-json\/wp\/v2\/types\/product"}],"version-history":[{"count":3,"href":"https:\/\/fushaco.com\/sq\/wp-json\/wp\/v2\/product\/34789\/revisions"}],"predecessor-version":[{"id":34813,"href":"https:\/\/fushaco.com\/sq\/wp-json\/wp\/v2\/product\/34789\/revisions\/34813"}],"wp:featuredmedia":[{"embeddable":true,"href":"https:\/\/fushaco.com\/sq\/wp-json\/wp\/v2\/media\/34790"}],"wp:attachment":[{"href":"https:\/\/fushaco.com\/sq\/wp-json\/wp\/v2\/media?parent=34789"}],"wp:term":[{"taxonomy":"product_brand","embeddable":true,"href":"https:\/\/fushaco.com\/sq\/wp-json\/wp\/v2\/product_brand?post=34789"},{"taxonomy":"product_cat","embeddable":true,"href":"https:\/\/fushaco.com\/sq\/wp-json\/wp\/v2\/product_cat?post=34789"},{"taxonomy":"product_tag","embeddable":true,"href":"https:\/\/fushaco.com\/sq\/wp-json\/wp\/v2\/product_tag?post=34789"}],"curies":[{"name":"wp","href":"https:\/\/api.w.org\/{rel}","templated":true}]}}