{"id":34889,"date":"2026-02-25T12:52:09","date_gmt":"2026-02-25T12:52:09","guid":{"rendered":"https:\/\/fushaco.com\/?post_type=product&#038;p=34889"},"modified":"2026-02-25T12:52:09","modified_gmt":"2026-02-25T12:52:09","slug":"aranzhim-me-trendafila-te-kuq-ne-kuti-kraft-fresh-flower","status":"publish","type":"product","link":"https:\/\/fushaco.com\/sq\/produkt\/aranzhim-me-trendafila-te-kuq-ne-kuti-kraft-fresh-flower\/","title":{"rendered":"Aranzhim me Tr\u00ebndafila t\u00eb Kuq n\u00eb Kuti Kraft \u2013 \u201cFresh Flower\u201d"},"content":{"rendered":"<p data-start=\"472\" data-end=\"495\">\ud83c\udf81 <strong data-start=\"475\" data-end=\"495\">Karakteristikat:<\/strong><\/p>\n<ul data-start=\"496\" data-end=\"779\">\n<li data-start=\"496\" data-end=\"550\">\n<p data-start=\"498\" data-end=\"550\">Kuti kraft minimaliste me mbishkrimin \u201cFresh Flower\u201d<\/p>\n<\/li>\n<li data-start=\"551\" data-end=\"599\">\n<p data-start=\"553\" data-end=\"599\">Dizajn modern dhe i leht\u00eb p\u00ebr t\u2019u transportuar<\/p>\n<\/li>\n<li data-start=\"600\" data-end=\"690\">\n<p data-start=\"602\" data-end=\"690\">Ideale p\u00ebr dhurat\u00eb romantike, p\u00ebrvjetor, Sh\u00ebn Valentin, dit\u00eblindje apo surpriz\u00eb speciale<\/p>\n<\/li>\n<li data-start=\"691\" data-end=\"779\">\n<p data-start=\"693\" data-end=\"779\">Lule artificiale cil\u00ebsi premium (ose mund ta p\u00ebrshtas sipas rastit n\u00ebse jan\u00eb natyrale)<\/p>\n<\/li>\n<\/ul>\n<p data-start=\"781\" data-end=\"863\">\u2728 Nj\u00eb zgjedhje perfekte p\u00ebr t\u00eb shprehur dashurin\u00eb, pasionin dhe eleganc\u00ebn me stil.<\/p>","protected":false},"excerpt":{"rendered":"<p data-start=\"241\" data-end=\"257\">\ud83c\udf39 <strong data-start=\"244\" data-end=\"257\">P\u00ebrb\u00ebrja:<\/strong><\/p>\n<ul data-start=\"258\" data-end=\"470\">\n<li data-start=\"258\" data-end=\"305\">\n<p data-start=\"260\" data-end=\"305\">Tr\u00ebndafila t\u00eb kuq klasik\u00eb me pamje natyrale<\/p>\n<\/li>\n<li data-start=\"306\" data-end=\"357\">\n<p data-start=\"308\" data-end=\"357\">Lule dekorative bordo p\u00ebr thell\u00ebsi dhe kontrast<\/p>\n<\/li>\n<li data-start=\"358\" data-end=\"427\">\n<p data-start=\"360\" data-end=\"427\">Detaje t\u00eb bardha delikate q\u00eb e b\u00ebjn\u00eb aranzhimin m\u00eb t\u00eb sofistikuar<\/p>\n<\/li>\n<li data-start=\"428\" data-end=\"470\">\n<p data-start=\"430\" data-end=\"470\">Gjelb\u00ebrim dekorativ p\u00ebr freski vizuale<\/p>\n<\/li>\n<\/ul>","protected":false},"featured_media":34886,"template":"","meta":[],"product_brand":[],"product_cat":[385],"product_tag":[],"class_list":{"0":"post-34889","1":"product","2":"type-product","3":"status-publish","4":"has-post-thumbnail","6":"product_cat-8marsi-oferta","8":"first","9":"instock","10":"sale","11":"taxable","12":"shipping-taxable","13":"purchasable","14":"product-type-simple"},"group_of_quantity":0,"min_quantity":0,"max_quantity":"","exclude_order_quantity_value_rules":"no","exclude_category_quantity_rules":"no","combine_variations":"no","jetpack_sharing_enabled":true,"_links":{"self":[{"href":"https:\/\/fushaco.com\/sq\/wp-json\/wp\/v2\/product\/34889","targetHints":{"allow":["GET"]}}],"collection":[{"href":"https:\/\/fushaco.com\/sq\/wp-json\/wp\/v2\/product"}],"about":[{"href":"https:\/\/fushaco.com\/sq\/wp-json\/wp\/v2\/types\/product"}],"version-history":[{"count":1,"href":"https:\/\/fushaco.com\/sq\/wp-json\/wp\/v2\/product\/34889\/revisions"}],"predecessor-version":[{"id":34890,"href":"https:\/\/fushaco.com\/sq\/wp-json\/wp\/v2\/product\/34889\/revisions\/34890"}],"wp:featuredmedia":[{"embeddable":true,"href":"https:\/\/fushaco.com\/sq\/wp-json\/wp\/v2\/media\/34886"}],"wp:attachment":[{"href":"https:\/\/fushaco.com\/sq\/wp-json\/wp\/v2\/media?parent=34889"}],"wp:term":[{"taxonomy":"product_brand","embeddable":true,"href":"https:\/\/fushaco.com\/sq\/wp-json\/wp\/v2\/product_brand?post=34889"},{"taxonomy":"product_cat","embeddable":true,"href":"https:\/\/fushaco.com\/sq\/wp-json\/wp\/v2\/product_cat?post=34889"},{"taxonomy":"product_tag","embeddable":true,"href":"https:\/\/fushaco.com\/sq\/wp-json\/wp\/v2\/product_tag?post=34889"}],"curies":[{"name":"wp","href":"https:\/\/api.w.org\/{rel}","templated":true}]}}