{"id":34891,"date":"2026-02-25T12:53:29","date_gmt":"2026-02-25T12:53:29","guid":{"rendered":"https:\/\/fushaco.com\/?post_type=product&#038;p=34891"},"modified":"2026-02-25T12:53:29","modified_gmt":"2026-02-25T12:53:29","slug":"aranzhim-elegant-me-trendafila-krem-ne-kuti-just-for-you","status":"publish","type":"product","link":"https:\/\/fushaco.com\/sq\/produkt\/aranzhim-elegant-me-trendafila-krem-ne-kuti-just-for-you\/","title":{"rendered":"Aranzhim Elegant me Tr\u00ebndafila Krem n\u00eb Kuti \u201cJust For You\u201d"},"content":{"rendered":"<p data-start=\"481\" data-end=\"504\">\ud83c\udf81 <strong data-start=\"484\" data-end=\"504\">Karakteristikat:<\/strong><\/p>\n<ul data-start=\"505\" data-end=\"720\">\n<li data-start=\"505\" data-end=\"557\">\n<p data-start=\"507\" data-end=\"557\">Kuti e bardh\u00eb me dizajn t\u00eb harkuar dhe shkrim gold<\/p>\n<\/li>\n<li data-start=\"558\" data-end=\"595\">\n<p data-start=\"560\" data-end=\"595\">Fjongo dekorative q\u00eb shton eleganc\u00eb<\/p>\n<\/li>\n<li data-start=\"596\" data-end=\"676\">\n<p data-start=\"598\" data-end=\"676\">Ideale p\u00ebr dhurat\u00eb p\u00ebr dit\u00eblindje, p\u00ebrvjetor, fal\u00ebnderim apo surpriz\u00eb speciale<\/p>\n<\/li>\n<li data-start=\"677\" data-end=\"720\">\n<p data-start=\"679\" data-end=\"720\">Pamje shum\u00eb e past\u00ebr, klasike dhe luksoze<\/p>\n<\/li>\n<\/ul>\n<p data-start=\"722\" data-end=\"809\">\u2728 Nj\u00eb zgjedhje perfekte p\u00ebr ata q\u00eb duan dhurat\u00eb elegante, t\u00eb sofistikuar dhe plot stil.<\/p>","protected":false},"excerpt":{"rendered":"<p data-start=\"259\" data-end=\"275\">\ud83c\udf3c <strong data-start=\"262\" data-end=\"275\">P\u00ebrb\u00ebrja:<\/strong><\/p>\n<ul data-start=\"276\" data-end=\"479\">\n<li data-start=\"276\" data-end=\"325\">\n<p data-start=\"278\" data-end=\"325\">Tr\u00ebndafila t\u00eb m\u00ebdhenj krem me qend\u00ebr t\u00eb ngroht\u00eb<\/p>\n<\/li>\n<li data-start=\"326\" data-end=\"371\">\n<p data-start=\"328\" data-end=\"371\">Tr\u00ebndafila m\u00eb t\u00eb vegj\u00ebl n\u00eb tonalitet pastel<\/p>\n<\/li>\n<li data-start=\"372\" data-end=\"425\">\n<p data-start=\"374\" data-end=\"425\">Gjelb\u00ebrim dekorativ q\u00eb shton freski dhe natyralitet<\/p>\n<\/li>\n<li data-start=\"426\" data-end=\"479\">\n<p data-start=\"428\" data-end=\"479\">Detaje delikate t\u00eb bardha p\u00ebr nj\u00eb pamje m\u00eb elegante<\/p>\n<\/li>\n<\/ul>","protected":false},"featured_media":34887,"template":"","meta":[],"product_brand":[],"product_cat":[385],"product_tag":[],"class_list":{"0":"post-34891","1":"product","2":"type-product","3":"status-publish","4":"has-post-thumbnail","6":"product_cat-8marsi-oferta","8":"first","9":"instock","10":"sale","11":"taxable","12":"shipping-taxable","13":"purchasable","14":"product-type-simple"},"group_of_quantity":0,"min_quantity":0,"max_quantity":"","exclude_order_quantity_value_rules":"no","exclude_category_quantity_rules":"no","combine_variations":"no","jetpack_sharing_enabled":true,"_links":{"self":[{"href":"https:\/\/fushaco.com\/sq\/wp-json\/wp\/v2\/product\/34891","targetHints":{"allow":["GET"]}}],"collection":[{"href":"https:\/\/fushaco.com\/sq\/wp-json\/wp\/v2\/product"}],"about":[{"href":"https:\/\/fushaco.com\/sq\/wp-json\/wp\/v2\/types\/product"}],"version-history":[{"count":1,"href":"https:\/\/fushaco.com\/sq\/wp-json\/wp\/v2\/product\/34891\/revisions"}],"predecessor-version":[{"id":34893,"href":"https:\/\/fushaco.com\/sq\/wp-json\/wp\/v2\/product\/34891\/revisions\/34893"}],"wp:featuredmedia":[{"embeddable":true,"href":"https:\/\/fushaco.com\/sq\/wp-json\/wp\/v2\/media\/34887"}],"wp:attachment":[{"href":"https:\/\/fushaco.com\/sq\/wp-json\/wp\/v2\/media?parent=34891"}],"wp:term":[{"taxonomy":"product_brand","embeddable":true,"href":"https:\/\/fushaco.com\/sq\/wp-json\/wp\/v2\/product_brand?post=34891"},{"taxonomy":"product_cat","embeddable":true,"href":"https:\/\/fushaco.com\/sq\/wp-json\/wp\/v2\/product_cat?post=34891"},{"taxonomy":"product_tag","embeddable":true,"href":"https:\/\/fushaco.com\/sq\/wp-json\/wp\/v2\/product_tag?post=34891"}],"curies":[{"name":"wp","href":"https:\/\/api.w.org\/{rel}","templated":true}]}}