{"id":34894,"date":"2026-02-25T12:55:24","date_gmt":"2026-02-25T12:55:24","guid":{"rendered":"https:\/\/fushaco.com\/?post_type=product&#038;p=34894"},"modified":"2026-02-25T12:55:24","modified_gmt":"2026-02-25T12:55:24","slug":"aranzhim-luksoz-me-trendafil-krem-ne-kuti-te-zeze-just-for-you","status":"publish","type":"product","link":"https:\/\/fushaco.com\/sq\/produkt\/aranzhim-luksoz-me-trendafil-krem-ne-kuti-te-zeze-just-for-you\/","title":{"rendered":"Aranzhim Luksoz me Tr\u00ebndafil Krem n\u00eb Kuti t\u00eb Zez\u00eb \u201cJust For You\u201d"},"content":{"rendered":"<p data-start=\"460\" data-end=\"483\">\ud83c\udf81 <strong data-start=\"463\" data-end=\"483\">Karakteristikat:<\/strong><\/p>\n<ul data-start=\"484\" data-end=\"690\">\n<li data-start=\"484\" data-end=\"520\">\n<p data-start=\"486\" data-end=\"520\">Kuti e zez\u00eb premium me shkrim gold<\/p>\n<\/li>\n<li data-start=\"521\" data-end=\"560\">\n<p data-start=\"523\" data-end=\"560\">Dizajn modern dhe shum\u00eb i sofistikuar<\/p>\n<\/li>\n<li data-start=\"561\" data-end=\"643\">\n<p data-start=\"563\" data-end=\"643\">Ideale p\u00ebr dhurat\u00eb elegante, p\u00ebrvjetor, dit\u00eblindje, fal\u00ebnderim apo event special<\/p>\n<\/li>\n<li data-start=\"644\" data-end=\"690\">\n<p data-start=\"646\" data-end=\"690\">Pamje luksoze me kontrast t\u00eb bukur bardh\u00eb-zi<\/p>\n<\/li>\n<\/ul>\n<p data-start=\"692\" data-end=\"779\">\u2728 Nj\u00eb zgjedhje perfekte p\u00ebr ata q\u00eb preferojn\u00eb stil modern, minimal dhe me prekje luksi.<\/p>","protected":false},"excerpt":{"rendered":"<p data-start=\"232\" data-end=\"248\">\ud83c\udf39 <strong data-start=\"235\" data-end=\"248\">P\u00ebrb\u00ebrja:<\/strong><\/p>\n<ul data-start=\"249\" data-end=\"458\">\n<li data-start=\"249\" data-end=\"290\">\n<p data-start=\"251\" data-end=\"290\">Tr\u00ebndafil i madh krem me qend\u00ebr t\u00eb art\u00eb<\/p>\n<\/li>\n<li data-start=\"291\" data-end=\"352\">\n<p data-start=\"293\" data-end=\"352\">Gonxhe elegante dhe lule dekorative n\u00eb tonalitete t\u00eb bardha<\/p>\n<\/li>\n<li data-start=\"353\" data-end=\"397\">\n<p data-start=\"355\" data-end=\"397\">Detaje sferike delikate p\u00ebr tekstur\u00eb unike<\/p>\n<\/li>\n<li data-start=\"398\" data-end=\"458\">\n<p data-start=\"400\" data-end=\"458\">Gjelb\u00ebrim i fresk\u00ebt q\u00eb thekson kontrastin me kutin\u00eb e zez\u00eb<\/p>\n<\/li>\n<\/ul>","protected":false},"featured_media":34885,"template":"","meta":[],"product_brand":[],"product_cat":[385],"product_tag":[],"class_list":{"0":"post-34894","1":"product","2":"type-product","3":"status-publish","4":"has-post-thumbnail","6":"product_cat-8marsi-oferta","8":"first","9":"instock","10":"sale","11":"taxable","12":"shipping-taxable","13":"purchasable","14":"product-type-simple"},"group_of_quantity":0,"min_quantity":0,"max_quantity":"","exclude_order_quantity_value_rules":"no","exclude_category_quantity_rules":"no","combine_variations":"no","jetpack_sharing_enabled":true,"_links":{"self":[{"href":"https:\/\/fushaco.com\/sq\/wp-json\/wp\/v2\/product\/34894","targetHints":{"allow":["GET"]}}],"collection":[{"href":"https:\/\/fushaco.com\/sq\/wp-json\/wp\/v2\/product"}],"about":[{"href":"https:\/\/fushaco.com\/sq\/wp-json\/wp\/v2\/types\/product"}],"version-history":[{"count":1,"href":"https:\/\/fushaco.com\/sq\/wp-json\/wp\/v2\/product\/34894\/revisions"}],"predecessor-version":[{"id":34895,"href":"https:\/\/fushaco.com\/sq\/wp-json\/wp\/v2\/product\/34894\/revisions\/34895"}],"wp:featuredmedia":[{"embeddable":true,"href":"https:\/\/fushaco.com\/sq\/wp-json\/wp\/v2\/media\/34885"}],"wp:attachment":[{"href":"https:\/\/fushaco.com\/sq\/wp-json\/wp\/v2\/media?parent=34894"}],"wp:term":[{"taxonomy":"product_brand","embeddable":true,"href":"https:\/\/fushaco.com\/sq\/wp-json\/wp\/v2\/product_brand?post=34894"},{"taxonomy":"product_cat","embeddable":true,"href":"https:\/\/fushaco.com\/sq\/wp-json\/wp\/v2\/product_cat?post=34894"},{"taxonomy":"product_tag","embeddable":true,"href":"https:\/\/fushaco.com\/sq\/wp-json\/wp\/v2\/product_tag?post=34894"}],"curies":[{"name":"wp","href":"https:\/\/api.w.org\/{rel}","templated":true}]}}