{"id":34896,"date":"2026-02-25T12:56:34","date_gmt":"2026-02-25T12:56:34","guid":{"rendered":"https:\/\/fushaco.com\/?post_type=product&#038;p=34896"},"modified":"2026-02-25T12:56:34","modified_gmt":"2026-02-25T12:56:34","slug":"aranzhim-elegant-me-anthurium-trendafila-te-bardhe-just-for-you","status":"publish","type":"product","link":"https:\/\/fushaco.com\/sq\/produkt\/aranzhim-elegant-me-anthurium-trendafila-te-bardhe-just-for-you\/","title":{"rendered":"Aranzhim Elegant me Anthurium &#038; Tr\u00ebndafila t\u00eb Bardh\u00eb \u2013 \u201cJust For You\u201d"},"content":{"rendered":"<p data-start=\"480\" data-end=\"503\">\ud83c\udf81 <strong data-start=\"483\" data-end=\"503\">Karakteristikat:<\/strong><\/p>\n<ul data-start=\"504\" data-end=\"708\">\n<li data-start=\"504\" data-end=\"558\">\n<p data-start=\"506\" data-end=\"558\">Kuti elegante e bardh\u00eb me shkrim gold \u201cJust For You\u201d<\/p>\n<\/li>\n<li data-start=\"559\" data-end=\"587\">\n<p data-start=\"561\" data-end=\"587\">Stil modern dhe minimalist<\/p>\n<\/li>\n<li data-start=\"588\" data-end=\"666\">\n<p data-start=\"590\" data-end=\"666\">Ideale p\u00ebr dhurat\u00eb formale, fal\u00ebnderim, p\u00ebrvjetor apo dekor elegant ambienti<\/p>\n<\/li>\n<li data-start=\"667\" data-end=\"708\">\n<p data-start=\"669\" data-end=\"708\">Pamje shum\u00eb e past\u00ebr, fresh dhe luksoze<\/p>\n<\/li>\n<\/ul>\n<p data-start=\"710\" data-end=\"796\">\u2728 Nj\u00eb zgjedhje perfekte p\u00ebr ata q\u00eb preferojn\u00eb eleganc\u00eb t\u00eb thjesht\u00eb me prekje natyrale.<\/p>","protected":false},"excerpt":{"rendered":"<p data-start=\"114\" data-end=\"262\">Nj\u00eb kompozim modern dhe shum\u00eb i rafinuar q\u00eb kombinon eleganc\u00ebn e tr\u00ebndafilave t\u00eb bardh\u00eb me bukurin\u00eb unike t\u00eb anthurium-it dhe gjelb\u00ebrimit dekorativ.<\/p>\n<p data-start=\"264\" data-end=\"280\">\ud83c\udf3f <strong data-start=\"267\" data-end=\"280\">P\u00ebrb\u00ebrja:<\/strong><\/p>\n<ul data-start=\"281\" data-end=\"478\">\n<li data-start=\"281\" data-end=\"330\">\n<p data-start=\"283\" data-end=\"330\">Anthurium i bardh\u00eb me nuanca jeshile delikate<\/p>\n<\/li>\n<li data-start=\"331\" data-end=\"363\">\n<p data-start=\"333\" data-end=\"363\">Tr\u00ebndafila t\u00eb bardh\u00eb klasik\u00eb<\/p>\n<\/li>\n<li data-start=\"364\" data-end=\"408\">\n<p data-start=\"366\" data-end=\"408\">Lule dekorative t\u00eb bardha me detaje fine<\/p>\n<\/li>\n<li data-start=\"409\" data-end=\"478\">\n<p data-start=\"411\" data-end=\"478\">Gjethe tropikale dhe gjelb\u00ebrim i pasur p\u00ebr pamje natyrale dhe volum<\/p>\n<\/li>\n<\/ul>","protected":false},"featured_media":34884,"template":"","meta":[],"product_brand":[],"product_cat":[385],"product_tag":[],"class_list":{"0":"post-34896","1":"product","2":"type-product","3":"status-publish","4":"has-post-thumbnail","6":"product_cat-8marsi-oferta","8":"first","9":"instock","10":"sale","11":"taxable","12":"shipping-taxable","13":"purchasable","14":"product-type-simple"},"group_of_quantity":0,"min_quantity":0,"max_quantity":"","exclude_order_quantity_value_rules":"no","exclude_category_quantity_rules":"no","combine_variations":"no","jetpack_sharing_enabled":true,"_links":{"self":[{"href":"https:\/\/fushaco.com\/sq\/wp-json\/wp\/v2\/product\/34896","targetHints":{"allow":["GET"]}}],"collection":[{"href":"https:\/\/fushaco.com\/sq\/wp-json\/wp\/v2\/product"}],"about":[{"href":"https:\/\/fushaco.com\/sq\/wp-json\/wp\/v2\/types\/product"}],"version-history":[{"count":1,"href":"https:\/\/fushaco.com\/sq\/wp-json\/wp\/v2\/product\/34896\/revisions"}],"predecessor-version":[{"id":34897,"href":"https:\/\/fushaco.com\/sq\/wp-json\/wp\/v2\/product\/34896\/revisions\/34897"}],"wp:featuredmedia":[{"embeddable":true,"href":"https:\/\/fushaco.com\/sq\/wp-json\/wp\/v2\/media\/34884"}],"wp:attachment":[{"href":"https:\/\/fushaco.com\/sq\/wp-json\/wp\/v2\/media?parent=34896"}],"wp:term":[{"taxonomy":"product_brand","embeddable":true,"href":"https:\/\/fushaco.com\/sq\/wp-json\/wp\/v2\/product_brand?post=34896"},{"taxonomy":"product_cat","embeddable":true,"href":"https:\/\/fushaco.com\/sq\/wp-json\/wp\/v2\/product_cat?post=34896"},{"taxonomy":"product_tag","embeddable":true,"href":"https:\/\/fushaco.com\/sq\/wp-json\/wp\/v2\/product_tag?post=34896"}],"curies":[{"name":"wp","href":"https:\/\/api.w.org\/{rel}","templated":true}]}}