{"id":34919,"date":"2026-02-27T08:50:43","date_gmt":"2026-02-27T08:50:43","guid":{"rendered":"https:\/\/fushaco.com\/?post_type=product&#038;p=34919"},"modified":"2026-02-27T08:53:08","modified_gmt":"2026-02-27T08:53:08","slug":"dege-dekorative-pampas-artificiale-krem-set-10-cope","status":"publish","type":"product","link":"https:\/\/fushaco.com\/sq\/produkt\/dege-dekorative-pampas-artificiale-krem-set-10-cope\/","title":{"rendered":"Deg\u00eb Dekorative Pampas Artificiale Set 10 cop\u00eb &#8211; FUSH201"},"content":{"rendered":"","protected":false},"excerpt":{"rendered":"<p data-start=\"419\" data-end=\"643\">Shtoni eleganc\u00eb dhe stil n\u00eb ambientin tuaj me k\u00ebt\u00eb set prej 10 deg\u00ebsh dekorative pampas artificiale. Me ngjyr\u00eb krem\/ivory neutrale dhe tekstur\u00eb t\u00eb but\u00eb, k\u00ebto deg\u00eb krijojn\u00eb nj\u00eb atmosfer\u00eb t\u00eb ngroht\u00eb dhe moderne n\u00eb \u00e7do hap\u00ebsir\u00eb.<\/p>\n<p data-start=\"645\" data-end=\"797\">Perfekte p\u00ebr dekor sht\u00ebpie, dasma, evente, vitrina dyqanesh apo ambiente festive. Mund t\u00eb vendosen n\u00eb vazo t\u00eb larta p\u00ebr nj\u00eb efekt minimalist dhe luksoz.<\/p>","protected":false},"featured_media":34920,"template":"","meta":[],"product_brand":[],"product_cat":[308,307],"product_tag":[],"class_list":{"0":"post-34919","1":"product","2":"type-product","3":"status-publish","4":"has-post-thumbnail","6":"product_cat-dekorime-florale","7":"product_cat-lule-artificiale","9":"first","10":"instock","11":"taxable","12":"shipping-taxable","13":"purchasable","14":"product-type-simple"},"group_of_quantity":0,"min_quantity":2,"max_quantity":"","exclude_order_quantity_value_rules":"no","exclude_category_quantity_rules":"no","combine_variations":"no","jetpack_sharing_enabled":true,"_links":{"self":[{"href":"https:\/\/fushaco.com\/sq\/wp-json\/wp\/v2\/product\/34919","targetHints":{"allow":["GET"]}}],"collection":[{"href":"https:\/\/fushaco.com\/sq\/wp-json\/wp\/v2\/product"}],"about":[{"href":"https:\/\/fushaco.com\/sq\/wp-json\/wp\/v2\/types\/product"}],"version-history":[{"count":2,"href":"https:\/\/fushaco.com\/sq\/wp-json\/wp\/v2\/product\/34919\/revisions"}],"predecessor-version":[{"id":34926,"href":"https:\/\/fushaco.com\/sq\/wp-json\/wp\/v2\/product\/34919\/revisions\/34926"}],"wp:featuredmedia":[{"embeddable":true,"href":"https:\/\/fushaco.com\/sq\/wp-json\/wp\/v2\/media\/34920"}],"wp:attachment":[{"href":"https:\/\/fushaco.com\/sq\/wp-json\/wp\/v2\/media?parent=34919"}],"wp:term":[{"taxonomy":"product_brand","embeddable":true,"href":"https:\/\/fushaco.com\/sq\/wp-json\/wp\/v2\/product_brand?post=34919"},{"taxonomy":"product_cat","embeddable":true,"href":"https:\/\/fushaco.com\/sq\/wp-json\/wp\/v2\/product_cat?post=34919"},{"taxonomy":"product_tag","embeddable":true,"href":"https:\/\/fushaco.com\/sq\/wp-json\/wp\/v2\/product_tag?post=34919"}],"curies":[{"name":"wp","href":"https:\/\/api.w.org\/{rel}","templated":true}]}}