{"id":34933,"date":"2026-02-27T09:06:16","date_gmt":"2026-02-27T09:06:16","guid":{"rendered":"https:\/\/fushaco.com\/?post_type=product&#038;p=34933"},"modified":"2026-02-27T09:06:16","modified_gmt":"2026-02-27T09:06:16","slug":"lule-artificiale-alstroemeria-fush108","status":"publish","type":"product","link":"https:\/\/fushaco.com\/sq\/produkt\/lule-artificiale-alstroemeria-fush108\/","title":{"rendered":"Lule artificiale Alstroemeria &#8211; FUSH108"},"content":{"rendered":"<p data-start=\"286\" data-end=\"402\">K\u00ebrcelli \u00ebsht\u00eb i gjat\u00eb dhe fleksib\u00ebl, i p\u00ebrshtatsh\u00ebm p\u00ebr vazo, buqeta dekorative, evente, dasma apo dekor sht\u00ebpie.<\/p>\n<p data-start=\"404\" data-end=\"508\">Disponohet n\u00eb disa ngjyra t\u00eb bukura: roz\u00eb e hapur, krem e verdh\u00eb, portokalli, vjollc\u00eb dhe roz\u00eb pastel.<\/p>\n<p data-start=\"510\" data-end=\"639\">\u2714 Pamje shum\u00eb natyrale<br data-start=\"532\" data-end=\"535\" \/>\u2714 Material cil\u00ebsor dhe i q\u00ebndruesh\u00ebm<br data-start=\"571\" data-end=\"574\" \/>\u2714 Ideale p\u00ebr dekor modern dhe klasik<br data-start=\"610\" data-end=\"613\" \/>\u2714 Nuk k\u00ebrkon mir\u00ebmbajtje<\/p>","protected":false},"excerpt":{"rendered":"<p>Deg\u00eb lule artificiale <strong data-start=\"43\" data-end=\"59\">Alstroemeria<\/strong> me 4 koka lulesh dhe sytha dekorativ\u00eb, e punuar me detaje shum\u00eb realiste. Petalet kan\u00eb tekstur\u00eb natyrale me nuanca t\u00eb bukura dhe thekse t\u00eb verdha n\u00eb qend\u00ebr, nd\u00ebrsa gjethet jeshile i japin nj\u00eb pamje t\u00eb fresk\u00ebt dhe elegante.<\/p>","protected":false},"featured_media":34939,"template":"","meta":[],"product_brand":[],"product_cat":[307],"product_tag":[],"class_list":{"0":"post-34933","1":"product","2":"type-product","3":"status-publish","4":"has-post-thumbnail","6":"product_cat-lule-artificiale","8":"first","9":"instock","10":"taxable","11":"shipping-taxable","12":"purchasable","13":"product-type-variable","14":"has-default-attributes"},"group_of_quantity":0,"min_quantity":0,"max_quantity":"","exclude_order_quantity_value_rules":"no","exclude_category_quantity_rules":"no","combine_variations":"no","jetpack_sharing_enabled":true,"_links":{"self":[{"href":"https:\/\/fushaco.com\/sq\/wp-json\/wp\/v2\/product\/34933","targetHints":{"allow":["GET"]}}],"collection":[{"href":"https:\/\/fushaco.com\/sq\/wp-json\/wp\/v2\/product"}],"about":[{"href":"https:\/\/fushaco.com\/sq\/wp-json\/wp\/v2\/types\/product"}],"version-history":[{"count":1,"href":"https:\/\/fushaco.com\/sq\/wp-json\/wp\/v2\/product\/34933\/revisions"}],"predecessor-version":[{"id":34946,"href":"https:\/\/fushaco.com\/sq\/wp-json\/wp\/v2\/product\/34933\/revisions\/34946"}],"wp:featuredmedia":[{"embeddable":true,"href":"https:\/\/fushaco.com\/sq\/wp-json\/wp\/v2\/media\/34939"}],"wp:attachment":[{"href":"https:\/\/fushaco.com\/sq\/wp-json\/wp\/v2\/media?parent=34933"}],"wp:term":[{"taxonomy":"product_brand","embeddable":true,"href":"https:\/\/fushaco.com\/sq\/wp-json\/wp\/v2\/product_brand?post=34933"},{"taxonomy":"product_cat","embeddable":true,"href":"https:\/\/fushaco.com\/sq\/wp-json\/wp\/v2\/product_cat?post=34933"},{"taxonomy":"product_tag","embeddable":true,"href":"https:\/\/fushaco.com\/sq\/wp-json\/wp\/v2\/product_tag?post=34933"}],"curies":[{"name":"wp","href":"https:\/\/api.w.org\/{rel}","templated":true}]}}