{"id":34947,"date":"2026-02-27T09:08:45","date_gmt":"2026-02-27T09:08:45","guid":{"rendered":"https:\/\/fushaco.com\/?post_type=product&#038;p=34947"},"modified":"2026-02-27T09:08:46","modified_gmt":"2026-02-27T09:08:46","slug":"dege-lule-artificiale-fush133","status":"publish","type":"product","link":"https:\/\/fushaco.com\/sq\/produkt\/dege-lule-artificiale-fush133\/","title":{"rendered":"Deg\u00eb Lule artificiale &#8211; FUSH133"},"content":{"rendered":"","protected":false},"excerpt":{"rendered":"<p data-start=\"21\" data-end=\"264\">Deg\u00eb lule artificiale dekorative me dizajn elegant dhe pamje shum\u00eb natyrale. Lul\u00ebzimet e vogla jan\u00eb t\u00eb vendosura n\u00eb tre deg\u00eb t\u00eb gjata vertikale, duke krijuar nj\u00eb form\u00eb t\u00eb leht\u00eb dhe moderne, perfekte p\u00ebr vazo t\u00eb gjata apo aranzhime minimaliste.<\/p>\n<p data-start=\"266\" data-end=\"413\">Gjethet jeshile me form\u00eb natyrale dhe k\u00ebrcelli i holl\u00eb e b\u00ebjn\u00eb k\u00ebt\u00eb deg\u00eb ideale p\u00ebr dekor sht\u00ebpie, evente, restorante, hotele apo ambiente festive.<\/p>\n<p data-start=\"415\" data-end=\"518\">Disponohet n\u00eb disa variante ngjyrash:<br \/>\n\u2022 Roz\u00eb e but\u00eb<br data-start=\"466\" data-end=\"469\" \/>\u2022 Roz\u00eb e theksuar \/ koral<br data-start=\"494\" data-end=\"497\" \/>\u2022 E bardh\u00eb elegante<\/p>\n<p data-start=\"520\" data-end=\"651\">\u2714 Dizajn i gjat\u00eb dhe elegant<br data-start=\"548\" data-end=\"551\" \/>\u2714 Pamje realiste dhe delikate<br data-start=\"580\" data-end=\"583\" \/>\u2714 E leht\u00eb p\u00ebr kombinim me lule t\u00eb tjera<br data-start=\"622\" data-end=\"625\" \/>\u2714 Nuk k\u00ebrkon mir\u00ebmbajtje<\/p>","protected":false},"featured_media":34950,"template":"","meta":[],"product_brand":[],"product_cat":[307],"product_tag":[],"class_list":{"0":"post-34947","1":"product","2":"type-product","3":"status-publish","4":"has-post-thumbnail","6":"product_cat-lule-artificiale","8":"first","9":"instock","10":"taxable","11":"shipping-taxable","12":"purchasable","13":"product-type-variable","14":"has-default-attributes"},"group_of_quantity":0,"min_quantity":0,"max_quantity":"","exclude_order_quantity_value_rules":"no","exclude_category_quantity_rules":"no","combine_variations":"no","jetpack_sharing_enabled":true,"_links":{"self":[{"href":"https:\/\/fushaco.com\/sq\/wp-json\/wp\/v2\/product\/34947","targetHints":{"allow":["GET"]}}],"collection":[{"href":"https:\/\/fushaco.com\/sq\/wp-json\/wp\/v2\/product"}],"about":[{"href":"https:\/\/fushaco.com\/sq\/wp-json\/wp\/v2\/types\/product"}],"version-history":[{"count":1,"href":"https:\/\/fushaco.com\/sq\/wp-json\/wp\/v2\/product\/34947\/revisions"}],"predecessor-version":[{"id":34953,"href":"https:\/\/fushaco.com\/sq\/wp-json\/wp\/v2\/product\/34947\/revisions\/34953"}],"wp:featuredmedia":[{"embeddable":true,"href":"https:\/\/fushaco.com\/sq\/wp-json\/wp\/v2\/media\/34950"}],"wp:attachment":[{"href":"https:\/\/fushaco.com\/sq\/wp-json\/wp\/v2\/media?parent=34947"}],"wp:term":[{"taxonomy":"product_brand","embeddable":true,"href":"https:\/\/fushaco.com\/sq\/wp-json\/wp\/v2\/product_brand?post=34947"},{"taxonomy":"product_cat","embeddable":true,"href":"https:\/\/fushaco.com\/sq\/wp-json\/wp\/v2\/product_cat?post=34947"},{"taxonomy":"product_tag","embeddable":true,"href":"https:\/\/fushaco.com\/sq\/wp-json\/wp\/v2\/product_tag?post=34947"}],"curies":[{"name":"wp","href":"https:\/\/api.w.org\/{rel}","templated":true}]}}