{"id":35021,"date":"2026-02-27T16:09:50","date_gmt":"2026-02-27T16:09:50","guid":{"rendered":"https:\/\/fushaco.com\/?post_type=product&#038;p=35021"},"modified":"2026-02-27T16:11:40","modified_gmt":"2026-02-27T16:11:40","slug":"pellush-stitch-interaktive-me-muzike-imitim-zeri-fush289","status":"publish","type":"product","link":"https:\/\/fushaco.com\/sq\/produkt\/pellush-stitch-interaktive-me-muzike-imitim-zeri-fush289\/","title":{"rendered":"Pellush Stitch Interaktive me Muzik\u00eb &#038; Imitim Z\u00ebri &#8211; FUSH289"},"content":{"rendered":"<h3 data-start=\"706\" data-end=\"737\">\u2728 Karakteristikat Kryesore:<\/h3>\n<ul data-start=\"739\" data-end=\"944\">\n<li data-start=\"739\" data-end=\"759\">\n<p data-start=\"741\" data-end=\"759\">\ud83c\udfb5 Luajn\u00eb muzik\u00eb<\/p>\n<\/li>\n<li data-start=\"760\" data-end=\"797\">\n<p data-start=\"762\" data-end=\"797\">\ud83d\udde3\ufe0f Imitojn\u00eb dhe p\u00ebrs\u00ebrisin z\u00ebrin<\/p>\n<\/li>\n<li data-start=\"798\" data-end=\"848\">\n<p data-start=\"800\" data-end=\"848\">\ud83e\uddf8 Material super i but\u00eb &amp; i sigurt p\u00ebr f\u00ebmij\u00eb<\/p>\n<\/li>\n<li data-start=\"849\" data-end=\"887\">\n<p data-start=\"851\" data-end=\"887\">\ud83c\udf81 Dhurat\u00eb perfekte p\u00ebr dit\u00eblindje<\/p>\n<\/li>\n<li data-start=\"888\" data-end=\"944\">\n<p data-start=\"890\" data-end=\"944\">\ud83d\udc76 Ndihmon n\u00eb zhvillimin e komunikimit dhe arg\u00ebtimit<\/p>\n<\/li>\n<\/ul>\n<p data-start=\"946\" data-end=\"1023\">\ud83d\udccf Madh\u00ebsia: rreth 25 cm<br data-start=\"970\" data-end=\"973\" \/>\ud83c\udfa8 Ngjyrat: Blu &amp; Roz\u00eb<br data-start=\"995\" data-end=\"998\" \/>\ud83d\udd0b Funksionon me bateri<\/p>","protected":false},"excerpt":{"rendered":"<p data-start=\"259\" data-end=\"359\">Zbuloni arg\u00ebtimin maksimal me k\u00ebt\u00eb <strong data-start=\"294\" data-end=\"351\">Stitch interaktiv me muzik\u00eb dhe funksion imitimi z\u00ebri<\/strong> \ud83c\udfb6\ud83d\udde3\ufe0f<\/p>\n<p data-start=\"361\" data-end=\"572\">Kjo peluqe e adhurueshme jo vet\u00ebm q\u00eb luan muzik\u00eb, por edhe <strong data-start=\"420\" data-end=\"447\">imiton fjal\u00ebt e f\u00ebmij\u00ebs<\/strong> duke i p\u00ebrs\u00ebritur me z\u00ebrin e saj t\u00eb lezetsh\u00ebm. Perfekte p\u00ebr arg\u00ebtim, zhvillim t\u00eb komunikimit dhe shum\u00eb t\u00eb qeshura n\u00eb sht\u00ebpi!<\/p>\n<p data-start=\"574\" data-end=\"699\">E punuar nga material shum\u00eb i but\u00eb dhe cil\u00ebsor, me detaje t\u00eb bukura dhe ngjyra t\u00eb gjalla, kjo lod\u00ebr \u00ebsht\u00eb ideale p\u00ebr dhurat\u00eb.<\/p>","protected":false},"featured_media":35022,"template":"","meta":[],"product_brand":[],"product_cat":[325,282],"product_tag":[],"class_list":{"0":"post-35021","1":"product","2":"type-product","3":"status-publish","4":"has-post-thumbnail","6":"product_cat-aksesore","7":"product_cat-arusha-pelushi","9":"first","10":"instock","11":"sale","12":"taxable","13":"shipping-taxable","14":"purchasable","15":"product-type-variable","16":"has-default-attributes"},"group_of_quantity":0,"min_quantity":0,"max_quantity":"","exclude_order_quantity_value_rules":"no","exclude_category_quantity_rules":"no","combine_variations":"no","jetpack_sharing_enabled":true,"_links":{"self":[{"href":"https:\/\/fushaco.com\/sq\/wp-json\/wp\/v2\/product\/35021","targetHints":{"allow":["GET"]}}],"collection":[{"href":"https:\/\/fushaco.com\/sq\/wp-json\/wp\/v2\/product"}],"about":[{"href":"https:\/\/fushaco.com\/sq\/wp-json\/wp\/v2\/types\/product"}],"version-history":[{"count":1,"href":"https:\/\/fushaco.com\/sq\/wp-json\/wp\/v2\/product\/35021\/revisions"}],"predecessor-version":[{"id":35026,"href":"https:\/\/fushaco.com\/sq\/wp-json\/wp\/v2\/product\/35021\/revisions\/35026"}],"wp:featuredmedia":[{"embeddable":true,"href":"https:\/\/fushaco.com\/sq\/wp-json\/wp\/v2\/media\/35022"}],"wp:attachment":[{"href":"https:\/\/fushaco.com\/sq\/wp-json\/wp\/v2\/media?parent=35021"}],"wp:term":[{"taxonomy":"product_brand","embeddable":true,"href":"https:\/\/fushaco.com\/sq\/wp-json\/wp\/v2\/product_brand?post=35021"},{"taxonomy":"product_cat","embeddable":true,"href":"https:\/\/fushaco.com\/sq\/wp-json\/wp\/v2\/product_cat?post=35021"},{"taxonomy":"product_tag","embeddable":true,"href":"https:\/\/fushaco.com\/sq\/wp-json\/wp\/v2\/product_tag?post=35021"}],"curies":[{"name":"wp","href":"https:\/\/api.w.org\/{rel}","templated":true}]}}